{"id":265,"date":"2025-04-10T16:29:56","date_gmt":"2025-04-10T22:29:56","guid":{"rendered":"https:\/\/elblogdelgps.com\/ind\/?page_id=265"},"modified":"2025-06-01T21:05:28","modified_gmt":"2025-06-02T03:05:28","slug":"cursos","status":"publish","type":"page","link":"https:\/\/elblogdelgps.com\/ind\/cursos\/","title":{"rendered":"CURSOS"},"content":{"rendered":"<h1>M\u00f3dulo 1: Fundamentos del rastreo GPS<\/h1>\n\n<h1 data-start=\"683\" data-end=\"739\" class=\"\"><strong data-start=\"688\" data-end=\"739\">M\u00f3dulo 2: Arquitectura de un sistema de rastreo<\/strong><\/h1>\n\n<h1 data-start=\"683\" data-end=\"739\" class=\"\"><strong data-start=\"688\" data-end=\"739\">M\u00f3dulo 3: Configuraci\u00f3n b\u00e1sica de dispositivos GPS<\/strong><\/h1>\n\n<h1 data-start=\"1141\" data-end=\"1214\" class=\"\"><strong data-start=\"1146\" data-end=\"1214\">M\u00f3dulo 4: Protocolos propietarios y comunicaci\u00f3n con plataformas<\/strong><\/h1>\n\n<h1 data-start=\"1721\" data-end=\"1800\" class=\"\"><strong data-start=\"1416\" data-end=\"1466\">M\u00f3dulo 5: Programaci\u00f3n de funciones especiales<\/strong><\/h1>\n\n<h1 data-start=\"1721\" data-end=\"1800\" class=\"\"><strong data-start=\"1726\" data-end=\"1800\">M\u00f3dulo 6: Desarrollo de tu propio servidor de rastreo (nivel avanzado)<\/strong><\/h1>\n\n<h1 data-start=\"2022\" data-end=\"2072\" class=\"\"><strong data-start=\"2027\" data-end=\"2072\">M\u00f3dulo 7: Buenas pr\u00e1cticas y casos reales<\/strong><\/h1><h2>CURSOS DE INSTALACION<\/h2>","protected":false},"excerpt":{"rendered":"","protected":false},"author":3,"featured_media":0,"parent":0,"menu_order":0,"comment_status":"closed","ping_status":"closed","template":"","meta":{"pagelayer_contact_templates":[],"_pagelayer_content":"","footnotes":""},"class_list":["post-265","page","type-page","status-publish","hentry"],"_links":{"self":[{"href":"https:\/\/elblogdelgps.com\/ind\/wp-json\/wp\/v2\/pages\/265","targetHints":{"allow":["GET"]}}],"collection":[{"href":"https:\/\/elblogdelgps.com\/ind\/wp-json\/wp\/v2\/pages"}],"about":[{"href":"https:\/\/elblogdelgps.com\/ind\/wp-json\/wp\/v2\/types\/page"}],"author":[{"embeddable":true,"href":"https:\/\/elblogdelgps.com\/ind\/wp-json\/wp\/v2\/users\/3"}],"replies":[{"embeddable":true,"href":"https:\/\/elblogdelgps.com\/ind\/wp-json\/wp\/v2\/comments?post=265"}],"version-history":[{"count":11,"href":"https:\/\/elblogdelgps.com\/ind\/wp-json\/wp\/v2\/pages\/265\/revisions"}],"predecessor-version":[{"id":721,"href":"https:\/\/elblogdelgps.com\/ind\/wp-json\/wp\/v2\/pages\/265\/revisions\/721"}],"wp:attachment":[{"href":"https:\/\/elblogdelgps.com\/ind\/wp-json\/wp\/v2\/media?parent=265"}],"curies":[{"name":"wp","href":"https:\/\/api.w.org\/{rel}","templated":true}]}}